{"id":14830,"date":"2018-03-20T17:48:38","date_gmt":"2018-03-20T16:48:38","guid":{"rendered":"http:\/\/www.klinik-st-Georg.de\/?page_id=14830"},"modified":"2024-10-15T11:53:08","modified_gmt":"2024-10-15T09:53:08","slug":"legal-notice","status":"publish","type":"page","link":"https:\/\/www.klinik-st-georg.de\/en\/contact\/legal-notice\/","title":{"rendered":"Legal Notice"},"content":{"rendered":"<h2>IMPRESSUM<\/h2>\n<h5>Clinicum St. Georg GmbH &amp; Co. KG<\/h5>\n<p>Gerichtsstand: Amtsgericht Traunstein, HRA 6326<br>\nSitz der Gesellschaft: Bad Aibling<br>\nUmsatzsteuer-Identifikationsnummer gem. &sect; 27 a UStG: DE254379532<br>\nPers&ouml;nlich haftende Gesellschafter: Sanecum St. Georg Komplement&auml;r GmbH, Amtsgericht Hamburg, HRB 159221<br>\nGesch&auml;ftsf&uuml;hrer: Renate Douwes<\/p>\n<h5>Sitz des Unternehmens<\/h5>\n<p>Rosenheimerstr. 6-8<br>\n83043 Bad Aibling<br>\nTelefon: +49 (0)8061 398-0<br>\nFax: +49 (0)8061 398-203<br>\nE-Mail: <a href=\"&#109;&#x61;&#x69;&#108;&#x74;&#x6f;:&#x69;&#x6e;f&#111;&#x40;c&#108;&#x69;n&#105;&#x63;u&#109;&#x2d;s&#116;&#x67;&#x65;&#111;&#x72;&#x67;&#46;&#x64;&#x65;\">i&#110;&#x66;&#x6f;&#64;&#99;&#x6c;&#x69;n&#105;&#x63;&#x75;m&#45;&#x73;&#x74;g&#101;&#x6f;&#x72;g&#46;&#100;&#x65;<\/a><\/p>\n<h5>Verantwortlich f&uuml;r den Inhalt &sect; 55 Abs. 2 RSTV<\/h5>\n<p>Renate Douwes<br>\nE-Mail: <a href=\"&#x6d;&#x61;&#x69;&#x6c;&#x74;&#x6f;&#x3a;&#105;&#110;&#102;&#111;&#64;clin&#x69;&#x63;&#x75;&#x6d;&#x2d;&#x73;&#x74;&#x67;&#101;&#111;&#114;&#103;&#46;de\">&#105;&#x6e;&#x66;&#111;&#x40;&#x63;&#108;&#x69;&#x6e;&#105;&#x63;&#x75;&#109;&#x2d;&#x73;&#116;&#x67;&#x65;&#111;&#x72;&#x67;&#46;&#x64;&#x65;<\/a><\/p>\n<h5>Medizinproduktesicherheit<\/h5>\n<p>Unseren Beauftragten f&uuml;r Medizinproduktesicherheit erreichen Sie unter:<br>\n<a href=\"&#109;&#x61;i&#108;&#x74;o&#58;&#x4d;e&#x64;&#x69;&#122;&#x69;n&#112;&#x72;o&#100;&#x75;k&#x74;&#x65;&#115;&#x69;&#x63;&#104;&#x65;r&#104;&#x65;i&#116;&#x40;c&#x6c;&#x69;&#110;&#x69;c&#117;&#x6d;-&#115;&#x74;g&#x65;&#x6f;&#114;&#x67;&#x2e;&#100;&#x65;\">&#77;&#x65;&#100;&#x69;z&#x69;n&#112;&#x72;&#111;&#x64;u&#x6b;t&#101;&#x73;&#105;&#x63;h&#x65;r&#104;&#x65;&#105;&#x74;&#64;&#x63;l&#105;&#x6e;&#105;&#x63;u&#x6d;-&#115;&#x74;&#103;&#x65;o&#x72;g&#46;&#x64;&#101;<\/a><\/p>\n<h5>Informationen zur Online-Streitbeilegung<\/h5>\n<p>Die EU-Kommission stellt im Internet unter folgendem Link eine Plattform zur Online-Streitbeilegung bereit: <a href=\"https:\/\/ec.europa.eu\/consumers\/odr\" target=\"_blank\" rel=\"noopener\">https:\/\/ec.europa.eu\/consumers\/odr<\/a>. Diese Plattform dient zur au&szlig;ergerichtlichen Beilegung von Streitigkeiten, an denen ein Verbraucher beteiligt ist.<\/p>\n<h5>Angaben gem&auml;&szlig; &sect; 5 TMG<\/h5>\n<p>Die &Auml;rzte des Clinicums St. Georg (Clinicum St. Georg GmbH &amp; Co. KG) und des Medizinischen Versorgungszentrums (MVZ f&uuml;r Integrative Diagnostik und Medizin GmbH) sind in ihrer T&auml;tigkeit an den &sect; 5 des Telemediengesetzes gebunden.<\/p>\n<h5>Nutzungsbedingungen<\/h5>\n<h6>Inhalt des Online-Angebotes<\/h6>\n<p>Die Clinicum St. Georg GmbH &amp; Co. KG (im nachfolgenden Text kurz <em>Clinicum St. Georg<\/em>) und die Medicum Bad Aibling MVZ GmbH (im nachfolgenden Text kurz <em>MVZ<\/em>) &uuml;bernehmen keinerlei Gew&auml;hr f&uuml;r die Aktualit&auml;t, Korrektheit, Vollst&auml;ndigkeit oder Qualit&auml;t der bereitgestellten Informationen. Haftungsanspr&uuml;che gegen das Clinicum St. Georg oder das MVZ, welche sich auf Sch&auml;den materieller oder ideeller Art beziehen, die durch die Nutzung oder Nichtnutzung der dargebotenen Informationen bzw. durch die Nutzung fehlerhafter und unvollst&auml;ndiger Informationen verursacht wurden, sind grunds&auml;tzlich ausgeschlossen, sofern seitens des Clinicums St. Georg oder des MVZ kein nachweislich vors&auml;tzliches oder grob fahrl&auml;ssiges Verschulden vorliegt. Alle Angebote sind freibleibend und unverbindlich. Das Clinicum St. Georg und das MVZ behalten es sich ausdr&uuml;cklich vor, Teile der Seiten oder das gesamte Angebot ohne gesonderte Ank&uuml;ndigung zu ver&auml;ndern, zu erg&auml;nzen, zu l&ouml;schen oder die Ver&ouml;ffentlichung zeitweise oder endg&uuml;ltig einzustellen.<\/p>\n<h6>Verweise und Links<\/h6>\n<p>Bei direkten oder indirekten Verweisen auf fremde Internetseiten (Links), die au&szlig;erhalb des Verantwortungsbereiches des Clinicums St. Georg liegen, w&uuml;rde eine Haftungsverpflichtung ausschlie&szlig;lich in dem Fall in Kraft treten, in dem das Clinicum St. Georg von den Inhalten Kenntnis hat und es ihr technisch m&ouml;glich und zumutbar w&auml;re, die Nutzung im Falle rechtswidriger Inhalte zu verhindern. Auf die aktuelle und zuk&uuml;nftige Gestaltung, die Inhalte oder die Urheberschaft der gelinkten\/verkn&uuml;pften Seiten hat das Clinicum St. Georg keinerlei Einfluss. Deshalb distanziert sie sich hiermit ausdr&uuml;cklich von allen Inhalten aller gelinkten oder verkn&uuml;pften Seiten, die nach der Linksetzung ver&auml;ndert wurden. Diese Feststellung gilt f&uuml;r alle innerhalb des eigenen Internetangebotes gesetzten Links und Verweise.<\/p>\n<h6>Urheberrechte und sonstige Sonderschutzrechte<\/h6>\n<p>Der Inhalt dieser Internetseiten ist urheberrechtlich gesch&uuml;tzt. Das Clinicum St. Georg ist bestrebt, in allen Publikationen die Urheberrechte der verwendeten Grafiken und Texte zu beachten, von ihr selbst erstellte Grafiken und Texte zu nutzen oder auf lizenzfreie Grafiken und Texte zur&uuml;ckzugreifen.<\/p>\n<p>Grafiken, Texte, Logos, Bilder usw. d&uuml;rfen nur nach schriftlicher Genehmigung durch das Clinicum St. Georg heruntergeladen, vervielf&auml;ltigt, kopiert, ge&auml;ndert, ver&ouml;ffentlicht, versendet, &uuml;bertragen oder in sonstiger Form genutzt werden. Bei genannten Produkt- und Firmennamen kann es sich um eingetragene Warenzeichen oder Marken handeln. Die unberechtigte Verwendung kann zu Schadensersatzanspr&uuml;chen und Unterlassungsanspr&uuml;chen f&uuml;hren.<\/p>\n<p>Das Copyright f&uuml;r ver&ouml;ffentlichte, von vom Clinicum St. Georg selbst erstellte Objekte verbleibt bei ihm. Eine Vervielf&auml;ltigung oder Verwendung solcher Grafiken und Texte in anderen elektronischen oder gedruckten Publikationen ist ohne ausdr&uuml;ckliche Zustimmung des Clinicums St. Georg nicht gestattet.<\/p>\n<h6>Rechtswirksamkeit dieses Haftungsausschlusses<\/h6>\n<p>Dieser Haftungsausschluss ist als Teil des Internetangebotes zu betrachten, von dem aus auf diese Seite verwiesen wurde. Sofern Teile oder einzelne Formulierungen dieses Textes der geltenden Rechtslage nicht, nicht mehr oder nicht vollst&auml;ndig entsprechen sollten, bleiben die &uuml;brigen Teile des Dokumentes in ihrem Inhalt und ihrer G&uuml;ltigkeit davon unber&uuml;hrt.<\/p>\n<h6>Entwicklung &amp; Design<\/h6>\n<p><a href=\"https:\/\/www.creatix.org\" target=\"_blank\" rel=\"noopener\">www.creatix.org<\/a><\/p>\n<h6>Gepr&uuml;ft<\/h6>\n<p>Qualit&auml;tsmanagement (LQM) am 20.02.2017<\/p>\n<h6>Freigabe<\/h6>\n<p>Renate Douwes, Gesch&auml;ftsf&uuml;hrung<\/p>\n<p>&nbsp;<\/p>\n","protected":false},"excerpt":{"rendered":"<p>IMPRESSUM Clinicum St. Georg GmbH &amp; Co. KG Gerichtsstand: Amtsgericht Traunstein, HRA 6326 Sitz der Gesellschaft: Bad Aibling Umsatzsteuer-Identifikationsnummer gem. \u00a7 27 a UStG: DE254379532 Pers\u00f6nlich haftende Gesellschafter: Sanecum St. Georg Komplement\u00e4r GmbH, Amtsgericht Hamburg, HRB 159221 Gesch\u00e4ftsf\u00fchrer: Renate Douwes Sitz des Unternehmens Rosenheimerstr. 6-8 83043 Bad Aibling Telefon: +49 &hellip;<\/p>\n","protected":false},"author":3,"featured_media":0,"parent":14798,"menu_order":2,"comment_status":"closed","ping_status":"closed","template":"","meta":{"footnotes":""},"yst_prominent_words":[1254,1241,921,1813,4560,1806,3048,6840,4552,4553],"_links":{"self":[{"href":"https:\/\/www.klinik-st-georg.de\/en\/wp-json\/wp\/v2\/pages\/14830"}],"collection":[{"href":"https:\/\/www.klinik-st-georg.de\/en\/wp-json\/wp\/v2\/pages"}],"about":[{"href":"https:\/\/www.klinik-st-georg.de\/en\/wp-json\/wp\/v2\/types\/page"}],"author":[{"embeddable":true,"href":"https:\/\/www.klinik-st-georg.de\/en\/wp-json\/wp\/v2\/users\/3"}],"replies":[{"embeddable":true,"href":"https:\/\/www.klinik-st-georg.de\/en\/wp-json\/wp\/v2\/comments?post=14830"}],"version-history":[{"count":0,"href":"https:\/\/www.klinik-st-georg.de\/en\/wp-json\/wp\/v2\/pages\/14830\/revisions"}],"up":[{"embeddable":true,"href":"https:\/\/www.klinik-st-georg.de\/en\/wp-json\/wp\/v2\/pages\/14798"}],"wp:attachment":[{"href":"https:\/\/www.klinik-st-georg.de\/en\/wp-json\/wp\/v2\/media?parent=14830"}],"wp:term":[{"taxonomy":"yst_prominent_words","embeddable":true,"href":"https:\/\/www.klinik-st-georg.de\/en\/wp-json\/wp\/v2\/yst_prominent_words?post=14830"}],"curies":[{"name":"wp","href":"https:\/\/api.w.org\/{rel}","templated":true}]}}