{"id":14833,"date":"2018-03-20T17:49:35","date_gmt":"2018-03-20T16:49:35","guid":{"rendered":"http:\/\/www.klinik-st-Georg.de\/?page_id=14833"},"modified":"2025-02-04T07:27:47","modified_gmt":"2025-02-04T06:27:47","slug":"privacy-notice","status":"publish","type":"page","link":"https:\/\/www.klinik-st-georg.de\/en\/contact\/privacy-notice\/","title":{"rendered":"Privacy Notice"},"content":{"rendered":"<h2>Datenschutzerkl&auml;rung<\/h2>\n<p>Mit der folgenden Datenschutzerkl&auml;rung m&ouml;chten wir Sie dar&uuml;ber aufkl&auml;ren, welche Arten Ihrer personenbezogenen Daten (nachfolgend auch kurz als &ldquo;Daten&ldquo; bezeichnet) wir zu welchen Zwecken und in welchem Umfang verarbeiten. Die Datenschutzerkl&auml;rung gilt f&uuml;r alle von uns durchgef&uuml;hrten Verarbeitungen personenbezogener Daten, sowohl im Rahmen der Erbringung unserer Leistungen als auch insbesondere auf unseren Webseiten.<\/p>\n<p>Die verwendeten Begriffe sind nicht geschlechtsspezifisch.<br>\nStand: 04. August 2021<\/p>\n<h3>Verantwortlicher<\/h3>\n<p>Clinicum St. Georg GmbH &amp; Co. KG<br>\nGesch&auml;ftsf&uuml;hrer: Renate Douwes<br>\nRosenheimerstr. 6-8<br>\n83043 Bad Aibling<\/p>\n<p>Telefon: +49 (0)8061 398-0<br>\nE-Mail-Adresse: <a href=\"&#x6d;&#x61;&#x69;&#108;&#116;o:&#x64;&#x61;&#x74;&#101;&#110;sc&#x68;&#x75;&#x74;&#122;&#64;cl&#x69;&#x6e;&#x69;&#99;&#117;m-&#x73;&#x74;&#x67;&#101;&#111;rg&#x2e;&#x64;&#x65;\">d&#97;&#x74;&#x65;&#x6e;s&#99;&#x68;&#x75;&#x74;z&#64;&#x63;&#x6c;&#x69;n&#105;&#x63;&#x75;&#x6d;-&#115;&#x74;&#x67;&#x65;o&#114;&#x67;&#x2e;&#x64;e<\/a><\/p>\n<h3>Unser Datenschutzbeauftragter<\/h3>\n<p>Unseren Datenschutzbeauftragten erreichen Sie unter <a href=\"&#109;&#x61;&#105;&#x6c;&#116;&#x6f;:&#x64;s&#98;&#x40;&#99;&#x6c;&#105;&#x6e;i&#x63;u&#109;&#x2d;&#115;&#x74;&#103;&#x65;&#111;&#x72;g&#x2e;d&#101;\">&#100;&#x73;&#98;&#x40;&#99;&#x6c;&#105;&#x6e;i&#x63;u&#x6d;-&#x73;t&#103;&#x65;&#111;&#x72;&#103;&#x2e;&#100;&#x65;<\/a>.<\/p>\n<h3>&Uuml;bersicht der Verarbeitungen<\/h3>\n<p>Die nachfolgende &Uuml;bersicht fasst die Arten der verarbeiteten Daten und die Zwecke ihrer Verarbeitung zusammen und verweist auf die betroffenen Personen.<\/p>\n<h4>Arten der verarbeiteten Daten<\/h4>\n<ul>\n<li>Bestandsdaten (z.B. Namen, Adressen)<\/li>\n<li>Inhaltsdaten (z.B. Texteingaben, Fotografien, Videos)<\/li>\n<li>Kontaktdaten (z.B. E-Mail, Telefonnummern)<\/li>\n<li>Meta-\/Kommunikationsdaten (z.B. Ger&auml;te-Informationen, IP-Adressen)<\/li>\n<li>Nutzungsdaten (z.B. besuchte Webseiten, Interesse an Inhalten, Zugriffszeiten)<\/li>\n<li>Kategorien betroffener Personen<\/li>\n<li>Kommunikationspartner<\/li>\n<li>Patienten (Dokumente siehe oben)<\/li>\n<li>Nutzer (z.B. Webseitenbesucher)<\/li>\n<\/ul>\n<h4>Zwecke der Verarbeitung<\/h4>\n<ul>\n<li>Bereitstellung der Website zur Telemedizin<\/li>\n<li>Kontaktanfragen und Kommunikation<\/li>\n<li>Reichweitenmessung (z.B. Anzahl der Besucher<\/li>\n<\/ul>\n<h4>Ma&szlig;gebliche Rechtsgrundlagen<\/h4>\n<p>Im Folgenden teilen wir die Rechtsgrundlagen der Datenschutzgrundverordnung (DSGVO), auf deren Basis wir die personenbezogenen Daten verarbeiten, mit. Bitte beachten Sie, dass zus&auml;tzlich zu den Regelungen der DSGVO die nationalen Datenschutzvorgaben in Ihrem bzw. unserem Wohn- und Sitzland gelten k&ouml;nnen.<\/p>\n<ul>\n<li><strong>Vertragserf&uuml;llung und vorvertragliche Anfragen (Art. 6 Abs. 1 S. 1 lit. b. DSGVO)<\/strong> &ndash; Die Verarbeitung ist f&uuml;r die Erf&uuml;llung eines Vertrags, dessen Vertragspartei die betroffene Person ist, oder zur Durchf&uuml;hrung vorvertraglicher Ma&szlig;nahmen erforderlich, die auf Anfrage der betroffenen Person erfolgen.<\/li>\n<li><strong>Berechtigte Interessen (Art. 6 Abs. 1 S. 1 lit. f. DSGVO)<\/strong> &ndash; Die Verarbeitung ist zur Wahrung der berechtigten Interessen des Verantwortlichen oder eines Dritten erforderlich, sofern nicht die Interessen oder Grundrechte und Grundfreiheiten der betroffenen Person, die den Schutz personenbezogener Daten erfordern, &uuml;berwiegen.<\/li>\n<\/ul>\n<p><strong>Nationale Datenschutzregelungen in Deutschland<\/strong>: Zus&auml;tzlich zu den Datenschutzregelungen der Datenschutz-Grundverordnung gelten nationale Regelungen zum Datenschutz in Deutschland. Hierzu geh&ouml;rt insbesondere das Gesetz zum Schutz vor Missbrauch personenbezogener Daten bei der Datenverarbeitung (Bundesdatenschutzgesetz &ndash; BDSG). Das BDSG enth&auml;lt insbesondere Spezialregelungen zum Recht auf Auskunft, zum Recht auf L&ouml;schung, zum Widerspruchsrecht, zur Verarbeitung besonderer Kategorien personenbezogener Daten, zur Verarbeitung f&uuml;r andere Zwecke und zur &Uuml;bermittlung sowie automatisierten Entscheidungsfindung im Einzelfall einschlie&szlig;lich Profiling. Des Weiteren regelt es die Datenverarbeitung f&uuml;r Zwecke des Besch&auml;ftigungsverh&auml;ltnisses (&sect; 26 BDSG), insbesondere im Hinblick auf die Begr&uuml;ndung, Durchf&uuml;hrung oder Beendigung von Besch&auml;ftigungsverh&auml;ltnissen sowie die Einwilligung von Besch&auml;ftigten. Ferner k&ouml;nnen Landesdatenschutzgesetze der einzelnen Bundesl&auml;nder zur Anwendung gelangen.<\/p>\n<h4>Sicherheitsma&szlig;nahmen<\/h4>\n<p>Wir treffen nach Ma&szlig;gabe der gesetzlichen Vorgaben unter Ber&uuml;cksichtigung des Stands der Technik, der Implementierungskosten und der Art, des Umfangs, der Umst&auml;nde und der Zwecke der Verarbeitung sowie der unterschiedlichen Eintrittswahrscheinlichkeiten und des Ausma&szlig;es der Bedrohung der Rechte und Freiheiten nat&uuml;rlicher Personen geeignete technische und organisatorische Ma&szlig;nahmen, um ein dem Risiko angemessenes Schutzniveau zu gew&auml;hrleisten.<\/p>\n<p>Zu den Ma&szlig;nahmen geh&ouml;ren insbesondere die Sicherung der Vertraulichkeit, Integrit&auml;t und Verf&uuml;gbarkeit von Daten durch Kontrolle des physischen und elektronischen Zugangs zu den Daten als auch des sie betreffenden Zugriffs, der Eingabe, der Weitergabe, der Sicherung der Verf&uuml;gbarkeit und ihrer Trennung. Des Weiteren haben wir Verfahren eingerichtet, die eine Wahrnehmung von Betroffenenrechten, die L&ouml;schung von Daten und Reaktionen auf die Gef&auml;hrdung der Daten gew&auml;hrleisten. Ferner ber&uuml;cksichtigen wir den Schutz personenbezogener Daten bereits bei der Entwicklung bzw. Auswahl von Hardware, Software sowie Verfahren entsprechend dem Prinzip des Datenschutzes, durch Technikgestaltung und durch datenschutzfreundliche Voreinstellungen.<\/p>\n<p><strong>SSL-Verschl&uuml;sselung (https)<\/strong>: Um Ihre via unser Online-Angebot &uuml;bermittelten Daten zu sch&uuml;tzen, nutzen wir eine SSL-Verschl&uuml;sselung. Sie erkennen derart verschl&uuml;sselte Verbindungen an dem Pr&auml;fix https:\/\/ in der Adresszeile Ihres Browsers.<\/p>\n<h4>Kontaktaufnahme<\/h4>\n<p>Bei der Kontaktaufnahme mit uns (z.B. per Kontaktformular, E-Mail, Telefon) werden die Angaben der anfragenden Personen verarbeitet, soweit dies zur Beantwortung der Kontaktanfragen und etwaiger angefragter Ma&szlig;nahmen erforderlich ist.<\/p>\n<p>Die Beantwortung der Kontaktanfragen im Rahmen von vertraglichen oder vorvertraglichen Beziehungen erfolgt zur Erf&uuml;llung unserer vertraglichen Pflichten oder zur Beantwortung von (vor)vertraglichen Anfragen und im &Uuml;brigen auf Grundlage der berechtigten Interessen an der Beantwortung der Anfragen. Die zur Verf&uuml;gung gestellten Daten (z.B. E-Mail- Adresse) werden lediglich f&uuml;r die Beantwortung Ihrer Anfrage verwendet. Haben Sie nicht einer weiteren Nutzung zugestimmt, werden Ihre Daten von uns im Anschluss an die Beantwortung Ihrer Anfrage gel&ouml;scht.<\/p>\n<ul>\n<li><strong>Verarbeitete Datenarten<\/strong>: Bestandsdaten: Namen, Kontaktdaten: E-Mail, Inhaltsdaten: Betreff, Texteingaben.<\/li>\n<li><strong>Betroffene Personen<\/strong>: Kommunikationspartner.<\/li>\n<li><strong>Zwecke der Verarbeitung<\/strong>: Kontaktanfragen und Kommunikation.<\/li>\n<li><strong>Rechtsgrundlagen<\/strong>: Vertragserf&uuml;llung und vorvertragliche Anfragen (Art. 6 Abs. 1 S. 1 lit. b. DSGVO), Berechtigte Interessen (Art. 6 Abs. 1 S. 1 lit. f. DSGVO).<\/li>\n<\/ul>\n<h4>Bereitstellung des Onlineangebotes und Webhosting<\/h4>\n<p>Um unser Onlineangebot sicher und effizient bereitstellen zu k&ouml;nnen, nehmen wir die Leistungen von einem oder mehreren Webhosting-Anbietern in Anspruch, von deren Servern (bzw. von ihnen verwalteten Servern) das Onlineangebot abgerufen werden kann. Zu diesen Zwecken k&ouml;nnen wir Infrastruktur- und Plattformdienstleistungen, Rechenkapazit&auml;t, Speicherplatz und Datenbankdienste sowie Sicherheitsleistungen und technische Wartungsleistungen in Anspruch nehmen.<\/p>\n<p>Zu den im Rahmen der Bereitstellung des Hostingangebotes verarbeiteten Daten k&ouml;nnen alle die Nutzer unseres Onlineangebotes betreffenden Angaben geh&ouml;ren, die im Rahmen der Nutzung und der Kommunikation anfallen. Hierzu geh&ouml;ren regelm&auml;&szlig;ig die IP-Adresse, die notwendig ist, um die Inhalte von Onlineangeboten an Browser ausliefern zu k&ouml;nnen, und alle innerhalb unseres Onlineangebotes oder von Webseiten get&auml;tigten Eingaben.<\/p>\n<p><strong>E-Mail-Versand und -Hosting<\/strong>: Die von uns in Anspruch genommenen Webhosting-Leistungen umfassen ebenfalls den Versand, den Empfang sowie die Speicherung von E-Mails. Zu diesen Zwecken werden die Adressen der Empf&auml;nger sowie Absender als auch weitere Informationen betreffend den E-Mailversand (z.B. die beteiligten Provider) sowie die Inhalte der jeweiligen E-Mails verarbeitet. Die vorgenannten Daten k&ouml;nnen ferner zu Zwecken der Erkennung von SPAM verarbeitet werden. Wir bitten darum, zu beachten, dass E-Mails im Internet grunds&auml;tzlich nicht verschl&uuml;sselt versendet werden. Im Regelfall werden E-Mails zwar auf dem Transportweg verschl&uuml;sselt, aber (sofern kein sogenanntes Ende-zu-Ende-Verschl&uuml;sselungsverfahren eingesetzt wird) nicht auf den Servern, von denen sie abgesendet und empfangen werden. Wir k&ouml;nnen daher f&uuml;r den &Uuml;bertragungsweg der E-Mails zwischen dem Absender und dem Empfang auf unserem Server keine Verantwortung &uuml;bernehmen.<\/p>\n<p><strong>Erhebung von Zugriffsdaten und Logfiles<\/strong>: Wir selbst (bzw. unser Webhostinganbieter) erheben Protokolldaten &uuml;ber jede Art von Zugriffen auf den Server (sogenannte Serverlogfiles).<\/p>\n<ul>\n<li><strong>Verarbeitete Datenarten<\/strong>: Inhaltsdaten (z.B. Texteingaben, Fotografien, Videos), Meta-\/Kommunikationsdaten (z.B. Ger&auml;te-Informationen, IP-Adressen).<\/li>\n<li><strong>Betroffene Personen<\/strong>: Nutzer (z.B. Webseitenbesucher, Nutzer von Onlinediensten).<\/li>\n<li><strong>Rechtsgrundlagen<\/strong>: Berechtigte Interessen (Art. 6 Abs. 1 S. 1 lit. f. DSGVO).<\/li>\n<\/ul>\n<h4>Besuchsstatistiken<\/h4>\n<h6>Datenschutzerkl&auml;rung f&uuml;r die Nutzung von Google Analytics<\/h6>\n<p>Diese Website nutzt Funktionen des Webanalysedienstes Google Analytics. Anbieter ist die Google Inc., 1600 Amphitheatre Parkway Mountain View, CA 94043, USA.<\/p>\n<p>Google Analytics verwendet sog. &bdquo;Cookies&ldquo;. Das sind Textdateien, die auf Ihrem Computer gespeichert werden und die eine Analyse der Benutzung der Website durch Sie erm&ouml;glichen. Die durch den Cookie erzeugten Informationen &uuml;ber Ihre Benutzung dieser Website werden in der Regel an einen Server von Google in den USA &uuml;bertragen und dort gespeichert.<\/p>\n<p>Mehr Informationen zum Umgang mit Nutzerdaten bei Google Analytics finden Sie in der Datenschutzerkl&auml;rung von Google: <a href=\"https:\/\/support.google.com\/analytics\/answer\/6004245?hl=de\" target=\"_blank\" rel=\"noopener\">https:\/\/support.google.com\/analytics\/answer\/6004245?hl=de<\/a><\/p>\n<p>Wenn Sie nicht m&ouml;chten, dass Ihre Besuche bei unseren Websites erfasst werden, k&ouml;nnen Sie in Ihrem Browser die &sbquo;Do not track&lsquo; Option aktivieren. <a href=\"https:\/\/weltlaeden.de\/stat\/index.php?module=CoreAdminHome&amp;action=optOut&amp;language=de&amp;backgroundColor=&amp;fontColor=&amp;fontSize=&amp;fontFamily=%22Arial%22\" target=\"_blank\" rel=\"noopener\">&Uuml;ber diesen Klick k&ouml;nnen Sie die Besuchsstatistiken von Ihnen deaktivieren.<\/a> Dazu wird in Ihrem Browser ein Opt-Out Cookie gesetzt, welcher das Tracking deaktiviert. Wenn sie grunds&auml;tzlich kein Tracking w&uuml;nschen, aktivieren Sie in Ihrem Browser die &bdquo;Do not Track&ldquo;-Funktion. Das Patientenregistrierungsformular, um telemedizinischen Kontakt zu unseren Gesundheitseinrichtungen aufzunehmen, in dem personenbezogene Daten erfasst werden, ist von dem Tracking ausgeschlossen.<\/p>\n<h4>L&ouml;schung von Daten<\/h4>\n<p>Die von uns verarbeiteten Daten werden nach Ma&szlig;gabe der gesetzlichen Vorgaben gel&ouml;scht, sobald deren zur Verarbeitung erlaubten Einwilligungen widerrufen werden oder sonstige Erlaubnisse entfallen (z.B., wenn der Zweck der Verarbeitung dieser Daten entfallen ist oder sie f&uuml;r den Zweck nicht erforderlich sind).<\/p>\n<p>Sofern die Daten nicht gel&ouml;scht werden, weil sie f&uuml;r andere und gesetzlich zul&auml;ssige Zwecke erforderlich sind, wird deren Verarbeitung auf diese Zwecke beschr&auml;nkt. D.h., die Daten werden gesperrt und nicht f&uuml;r andere Zwecke verarbeitet. Das gilt z.B. f&uuml;r Daten, die aus handels- oder steuerrechtlichen Gr&uuml;nden aufbewahrt werden m&uuml;ssen oder deren Speicherung zur Geltendmachung, Aus&uuml;bung oder Verteidigung von Rechtsanspr&uuml;chen oder zum Schutz der Rechte einer anderen nat&uuml;rlichen oder juristischen Person erforderlich ist. Die oben genannten Server-Log-Files werden nach 14 Tagen gel&ouml;scht.<\/p>\n<p>Weitere Hinweise zu der L&ouml;schung von personenbezogenen Daten k&ouml;nnen ferner im Rahmen der einzelnen Datenschutzhinweise dieser Datenschutzerkl&auml;rung erfolgen.<\/p>\n<h3>&Auml;nderung und Aktualisierung der Datenschutzerkl&auml;rung<\/h3>\n<p>Wir bitten Sie, sich regelm&auml;&szlig;ig &uuml;ber den Inhalt unserer Datenschutzerkl&auml;rung zu informieren. Wir passen die Datenschutzerkl&auml;rung an, sobald die &Auml;nderungen der von uns durchgef&uuml;hrten Datenverarbeitungen dies erforderlich machen. Wir informieren Sie, sobald durch die &Auml;nderungen eine Mitwirkungshandlung Ihrerseits (z.B. Einwilligung) oder eine sonstige individuelle Benachrichtigung erforderlich wird.<\/p>\n<h3>Rechte der betroffenen Personen<\/h3>\n<p>Ihnen stehen als Betroffene nach der DSGVO verschiedene Rechte zu, die sich insbesondere aus Art. 15 bis 18 und 21 DS-GVO ergeben.<\/p>\n<ul>\n<li><strong>Widerspruchsrecht<\/strong>: Sie haben das Recht, aus Gr&uuml;nden, die sich aus Ihrer besonderen Situation ergeben, jederzeit gegen die Verarbeitung der Sie betreffenden personenbezogenen Daten, die aufgrund von Art. 6 Abs. 1 lit. e oder f DSGVO erfolgt, Widerspruch einzulegen; dies gilt auch f&uuml;r ein auf diese Bestimmungen gest&uuml;tztes Profiling. Werden die Sie betreffenden personenbezogenen Daten verarbeitet, um Direktwerbung zu betreiben, haben Sie das Recht, jederzeit Widerspruch gegen die Verarbeitung der Sie betreffenden personenbezogenen Daten zum Zwecke derartiger Werbung einzulegen; dies gilt auch f&uuml;r das Profiling, soweit es mit solcher Direktwerbung in Verbindung steht.<\/li>\n<li><strong>Widerrufsrecht bei Einwilligungen<\/strong>: Sie haben das Recht, erteilte Einwilligungen jederzeit zu widerrufen.<\/li>\n<li><strong>Auskunftsrecht<\/strong>: Sie haben das Recht, eine Best&auml;tigung dar&uuml;ber zu verlangen, ob betreffende Daten verarbeitet werden und auf Auskunft &uuml;ber diese Daten sowie auf weitere Informationen und Kopie der Daten entsprechend den gesetzlichen Vorgaben.<\/li>\n<li><strong>Recht auf Berichtigung<\/strong>: Sie haben entsprechend den gesetzlichen Vorgaben das Recht, die Vervollst&auml;ndigung der Sie betreffenden Daten oder die Berichtigung der Sie betreffenden unrichtigen Daten zu verlangen.<\/li>\n<li><strong>Recht auf L&ouml;schung und Einschr&auml;nkung der Verarbeitung<\/strong>: Sie haben nach Ma&szlig;gabe der gesetzlichen Vorgaben das Recht, zu verlangen, dass Sie betreffende Daten unverz&uuml;glich gel&ouml;scht werden, bzw. alternativ nach Ma&szlig;gabe der gesetzlichen Vorgaben eine Einschr&auml;nkung der Verarbeitung der Daten zu verlangen.<\/li>\n<li><strong>Recht auf Daten&uuml;bertragbarkeit<\/strong>: Sie haben das Recht, Sie betreffende Daten, die Sie uns bereitgestellt haben, nach Ma&szlig;gabe der gesetzlichen Vorgaben in einem strukturierten, g&auml;ngigen und maschinenlesbaren Format zu erhalten oder deren &Uuml;bermittlung an einen anderen Verantwortlichen zu fordern.<\/li>\n<li><strong>Beschwerde bei Aufsichtsbeh&ouml;rde<\/strong>: Sie haben ferner nach Ma&szlig;gabe der gesetzlichen Vorgaben das Recht, bei einer Aufsichtsbeh&ouml;rde, insbesondere in dem Mitgliedstaat Ihres gew&ouml;hnlichen Aufenthaltsorts, Ihres Arbeitsplatzes oder des Orts des mutma&szlig;lichen Versto&szlig;es, wenn Sie der Ansicht sind, dass die Verarbeitung der Sie betreffenden personenbezogenen Daten gegen die DSGVO verst&ouml;&szlig;t.<\/li>\n<\/ul>\n<h3>Begriffsdefinitionen<\/h3>\n<p>In diesem Abschnitt erhalten Sie eine &Uuml;bersicht &uuml;ber die in dieser Datenschutzerkl&auml;rung verwendeten Begrifflichkeiten. Viele der Begriffe sind dem Gesetz entnommen und vor allem im Art. 4 DSGVO definiert. Die gesetzlichen Definitionen sind verbindlich. Die nachfolgenden Erl&auml;uterungen sollen dagegen vor allem dem Verst&auml;ndnis dienen. Die Begriffe sind alphabetisch sortiert.<\/p>\n<ul>\n<li><strong>Personenbezogene Daten<\/strong>: &ldquo;Personenbezogene Daten&ldquo; sind alle Informationen, die sich auf eine identifizierte oder identifizierbare nat&uuml;rliche Person (im Folgenden &ldquo;betroffene Person&ldquo;) beziehen; als identifizierbar wird eine nat&uuml;rliche Person angesehen, die direkt oder indirekt, insbesondere mittels Zuordnung zu einer Kennung wie einem Namen, zu einer Kennnummer, zu Standortdaten, zu einer Online-Kennung (z.B. Cookie) oder zu einem oder mehreren besonderen Merkmalen identifiziert werden kann, die Ausdruck der physischen, physiologischen, genetischen, psychischen, wirtschaftlichen, kulturellen oder sozialen Identit&auml;t dieser nat&uuml;rlichen Person sind.<\/li>\n<li><strong>Remarketing<\/strong>: Vom &ldquo;Remarketing&ldquo; bzw. &ldquo;Retargeting&ldquo; spricht man, wenn z.B. zu Werbezwecken vermerkt wird, f&uuml;r welche Produkte sich ein Nutzer auf einer Webseite interessiert hat, um den Nutzer auf anderen Webseiten an diese Produkte, z.B. in Werbeanzeigen, zu erinnern.<\/li>\n<li><strong>Tracking<\/strong>: Vom &ldquo;Tracking&ldquo; spricht man, wenn das Verhalten von Nutzern &uuml;ber mehrere Onlineangebote hinweg nachvollzogen werden kann. Im Regelfall werden im Hinblick auf die genutzten Onlineangebote Verhaltens- und Interessensinformationen in Cookies oder auf Servern der Anbieter der Trackingtechnologien gespeichert (sogenanntes Profiling). Diese Informationen k&ouml;nnen anschlie&szlig;end z.B. eingesetzt werden, um den Nutzern Werbeanzeigen anzuzeigen, die voraussichtlich deren Interessen entsprechen.<\/li>\n<li><strong>Verantwortlicher<\/strong>: Als &ldquo;Verantwortlicher&ldquo; wird die nat&uuml;rliche oder juristische Person, Beh&ouml;rde, Einrichtung oder andere Stelle, die allein oder gemeinsam mit anderen &uuml;ber die Zwecke und Mittel der Verarbeitung von personenbezogenen Daten entscheidet, bezeichnet.<\/li>\n<li><strong>Verarbeitung<\/strong>: &ldquo;Verarbeitung&rdquo; ist jeder mit oder ohne Hilfe automatisierter Verfahren ausgef&uuml;hrte Vorgang oder jede solche Vorgangsreihe im Zusammenhang mit personenbezogenen Daten. Der Begriff reicht weit und umfasst praktisch jeden Umgang mit Daten, sei es das Erheben, das Auswerten, das Speichern, das &Uuml;bermitteln oder das L&ouml;schen<\/li>\n<\/ul>\n<p>&nbsp;<\/p>\n","protected":false},"excerpt":{"rendered":"<p>Datenschutzerkl\u00e4rung Mit der folgenden Datenschutzerkl\u00e4rung m\u00f6chten wir Sie dar\u00fcber aufkl\u00e4ren, welche Arten Ihrer personenbezogenen Daten (nachfolgend auch kurz als &#8220;Daten\u201c bezeichnet) wir zu welchen Zwecken und in welchem Umfang verarbeiten. Die Datenschutzerkl\u00e4rung gilt f\u00fcr alle von uns durchgef\u00fchrten Verarbeitungen personenbezogener Daten, sowohl im Rahmen der Erbringung unserer Leistungen als auch &hellip;<\/p>\n","protected":false},"author":3,"featured_media":0,"parent":14798,"menu_order":3,"comment_status":"closed","ping_status":"closed","template":"","meta":{"footnotes":""},"yst_prominent_words":[1816,1817],"_links":{"self":[{"href":"https:\/\/www.klinik-st-georg.de\/en\/wp-json\/wp\/v2\/pages\/14833"}],"collection":[{"href":"https:\/\/www.klinik-st-georg.de\/en\/wp-json\/wp\/v2\/pages"}],"about":[{"href":"https:\/\/www.klinik-st-georg.de\/en\/wp-json\/wp\/v2\/types\/page"}],"author":[{"embeddable":true,"href":"https:\/\/www.klinik-st-georg.de\/en\/wp-json\/wp\/v2\/users\/3"}],"replies":[{"embeddable":true,"href":"https:\/\/www.klinik-st-georg.de\/en\/wp-json\/wp\/v2\/comments?post=14833"}],"version-history":[{"count":0,"href":"https:\/\/www.klinik-st-georg.de\/en\/wp-json\/wp\/v2\/pages\/14833\/revisions"}],"up":[{"embeddable":true,"href":"https:\/\/www.klinik-st-georg.de\/en\/wp-json\/wp\/v2\/pages\/14798"}],"wp:attachment":[{"href":"https:\/\/www.klinik-st-georg.de\/en\/wp-json\/wp\/v2\/media?parent=14833"}],"wp:term":[{"taxonomy":"yst_prominent_words","embeddable":true,"href":"https:\/\/www.klinik-st-georg.de\/en\/wp-json\/wp\/v2\/yst_prominent_words?post=14833"}],"curies":[{"name":"wp","href":"https:\/\/api.w.org\/{rel}","templated":true}]}}