{"id":18292,"date":"2018-09-03T17:22:18","date_gmt":"2018-09-03T15:22:18","guid":{"rendered":"http:\/\/www.klinik-st-Georg.de\/?page_id=18292"},"modified":"2023-11-16T14:09:31","modified_gmt":"2023-11-16T13:09:31","slug":"dipl-med-gabriele-zabel","status":"publish","type":"page","link":"https:\/\/www.klinik-st-georg.de\/en\/our-team\/dipl-med-gabriele-zabel\/","title":{"rendered":"Dipl. med. Gabriele Zabel"},"content":{"rendered":"<h2>Gabriele Zabel, MD<\/h2>\n<p>Senior Physician<\/p>\n<figure id=\"attachment_27571\" aria-describedby=\"caption-attachment-27571\" style=\"width: 300px\" class=\"wp-caption alignright\"><img decoding=\"async\" class=\"wp-image-27571 size-full\" src=\"https:\/\/www.klinik-st-georg.de\/wp-content\/uploads\/2021\/02\/Dipl-med-Gabriele-Zabel_2021b.jpg\" alt=\"Dipl. med. Gabriele Zabel\" width=\"300\" height=\"450\" srcset=\"https:\/\/www.klinik-st-georg.de\/wp-content\/uploads\/2021\/02\/Dipl-med-Gabriele-Zabel_2021b.jpg 300w, https:\/\/www.klinik-st-georg.de\/wp-content\/uploads\/2021\/02\/Dipl-med-Gabriele-Zabel_2021b-133x200.jpg 133w, https:\/\/www.klinik-st-georg.de\/wp-content\/uploads\/2021\/02\/Dipl-med-Gabriele-Zabel_2021b-233x350.jpg 233w\" sizes=\"(max-width: 300px) 100vw, 300px\"><figcaption id=\"caption-attachment-27571\" class=\"wp-caption-text\">Dipl. med. Gabriele Zabel<\/figcaption><\/figure>\n<h4 style=\"display: inline;\">Curriculum Vitae<\/h4>\n<h6 style=\"clear: left;\">Education and professional activities<\/h6>\n<dl>\n<dt>1968-1970<\/dt>\n<dd>Nervenklinik Saalfeld and Tumor Clinic of the Charit&eacute; Universit&auml;tsmedizin Berlin: Pre-study internship<\/dd>\n<dt>1970-1976<\/dt>\n<dd>Medical School (Humboldt-Universit&auml;t, Berlin)<\/dd>\n<dt>1976-1979<\/dt>\n<dd>Bezirkskrankenhaus Hoyerswerda, Department of Radiology: Junior Physician<br>\nMaster&rsquo;s Degree at the Psychiatric Clinic of the Charit&eacute; Universit&auml;tsmedizin Berlin (1977)<\/dd>\n<dt>1980-1984<\/dt>\n<dd>Bezirkskrankenhaus Hoyerswerda, Surgical Hospital: Junior Physician<br>\nBoard certificate Surgery<\/dd>\n<dt>1984-1989<\/dt>\n<dd>Bezirkskrankenhaus Hoyerswerda: Ward Physician<\/dd>\n<dt>1990-1991<\/dt>\n<dd>Ludwigshafen: Specialized Doctor in an orthopedic practice<\/dd>\n<dt>1992-1993<\/dt>\n<dd>Parkklinik Julius Hackethal, Riedering: Surgeon<\/dd>\n<dt>1993-1999<\/dt>\n<dd>Ludwigshafen: Joint practice for&nbsp;orthopedics and surgery<\/dd>\n<dt>2000<\/dt>\n<dd>Parkklinik Julius Hackethal, Riedering: Senior Consultant and Medical Director<\/dd>\n<dt>2001<\/dt>\n<dd>Clinicum St. Georg GmbH &amp; Co. KG, Bad Aibling: Ward Physician<\/dd>\n<dt>2010-dato<\/dt>\n<dd>Clinicum St. Georg GmbH &amp; Co. KG, Bad Aibling: Senior Physician<\/dd>\n<\/dl>\n<h6>Further Qualifications<\/h6>\n<ul>\n<li>Chirotherapy (Stockholm)<\/li>\n<li>Neural therapy<\/li>\n<li>Pain&nbsp;therapy for&nbsp;chronically sick and tumor patients<\/li>\n<li>Psychosomatic primary health care<\/li>\n<li>Acupuncture<\/li>\n<li>Holistic pain therapy and palliative medicine<\/li>\n<\/ul>\n","protected":false},"excerpt":{"rendered":"<p>Gabriele Zabel, MD Senior Physician Curriculum Vitae Education and professional activities 1968-1970 Nervenklinik Saalfeld and Tumor Clinic of the Charit\u00e9 Universit\u00e4tsmedizin Berlin: Pre-study internship 1970-1976 Medical School (Humboldt-Universit\u00e4t, Berlin) 1976-1979 Bezirkskrankenhaus Hoyerswerda, Department of Radiology: Junior Physician Master&#8217;s Degree at the Psychiatric Clinic of the Charit\u00e9 Universit\u00e4tsmedizin Berlin (1977) 1980-1984 &hellip;<\/p>\n","protected":false},"author":3,"featured_media":0,"parent":14569,"menu_order":4,"comment_status":"closed","ping_status":"closed","template":"","meta":{"footnotes":""},"yst_prominent_words":[5871,5584,5576,5872,5868,5865,5863,1025,5602,1441,5869,5866,5864,5601,5599,5499,5873,5870,5867],"_links":{"self":[{"href":"https:\/\/www.klinik-st-georg.de\/en\/wp-json\/wp\/v2\/pages\/18292"}],"collection":[{"href":"https:\/\/www.klinik-st-georg.de\/en\/wp-json\/wp\/v2\/pages"}],"about":[{"href":"https:\/\/www.klinik-st-georg.de\/en\/wp-json\/wp\/v2\/types\/page"}],"author":[{"embeddable":true,"href":"https:\/\/www.klinik-st-georg.de\/en\/wp-json\/wp\/v2\/users\/3"}],"replies":[{"embeddable":true,"href":"https:\/\/www.klinik-st-georg.de\/en\/wp-json\/wp\/v2\/comments?post=18292"}],"version-history":[{"count":0,"href":"https:\/\/www.klinik-st-georg.de\/en\/wp-json\/wp\/v2\/pages\/18292\/revisions"}],"up":[{"embeddable":true,"href":"https:\/\/www.klinik-st-georg.de\/en\/wp-json\/wp\/v2\/pages\/14569"}],"wp:attachment":[{"href":"https:\/\/www.klinik-st-georg.de\/en\/wp-json\/wp\/v2\/media?parent=18292"}],"wp:term":[{"taxonomy":"yst_prominent_words","embeddable":true,"href":"https:\/\/www.klinik-st-georg.de\/en\/wp-json\/wp\/v2\/yst_prominent_words?post=18292"}],"curies":[{"name":"wp","href":"https:\/\/api.w.org\/{rel}","templated":true}]}}