{"id":18299,"date":"2018-09-03T17:44:44","date_gmt":"2018-09-03T15:44:44","guid":{"rendered":"http:\/\/www.klinik-st-Georg.de\/?page_id=18299"},"modified":"2023-11-16T14:05:35","modified_gmt":"2023-11-16T13:05:35","slug":"dr-med-kathrin-douwes","status":"publish","type":"page","link":"https:\/\/www.klinik-st-georg.de\/en\/our-team\/dr-med-kathrin-douwes\/","title":{"rendered":"Dr. med. Kathrin Douwes"},"content":{"rendered":"<h2>Kathrin Douwes, MD<\/h2>\n<p>Medical Specialist<\/p>\n<figure id=\"attachment_27563\" aria-describedby=\"caption-attachment-27563\" style=\"width: 300px\" class=\"wp-caption alignright\"><img decoding=\"async\" class=\"wp-image-27563 size-full\" src=\"https:\/\/www.klinik-st-georg.de\/wp-content\/uploads\/2021\/02\/Dr-med-Kathrin-Douwes_2021.jpg\" alt=\"Dr. med. Kathrin Douwes\" width=\"300\" height=\"450\" srcset=\"https:\/\/www.klinik-st-georg.de\/wp-content\/uploads\/2021\/02\/Dr-med-Kathrin-Douwes_2021.jpg 300w, https:\/\/www.klinik-st-georg.de\/wp-content\/uploads\/2021\/02\/Dr-med-Kathrin-Douwes_2021-133x200.jpg 133w, https:\/\/www.klinik-st-georg.de\/wp-content\/uploads\/2021\/02\/Dr-med-Kathrin-Douwes_2021-233x350.jpg 233w\" sizes=\"(max-width: 300px) 100vw, 300px\"><figcaption id=\"caption-attachment-27563\" class=\"wp-caption-text\">Dr. med. Kathrin Douwes<\/figcaption><\/figure>\n<h4 style=\"display: inline;\">Curriculum Vitae<\/h4>\n<h6 style=\"clear: left;\">Education and professional activities<\/h6>\n<dl>\n<dt>1989-1996<\/dt>\n<dd>Medical School (Ludwig-Maximilians-Universit&auml;t M&uuml;nchen)<br>\nPromotion (M.D.)<\/dd>\n<dt>1992-1995<\/dt>\n<dd>Medizinische Klinik Innenstadt of Ludwig-Maximilians-Universit&auml;t M&uuml;nchen, Faculty of clinical-experimental research: Dissertation on the topic &ldquo;Schnelle, nichtgenomische Effekte von Aldosteron auf den Na+\/H+-Austauscher von glatten Muskelzellen&rdquo;<\/dd>\n<dt>1996-1998<\/dt>\n<dd>Dermatological Clinic and Polyclinic of the Ludwig-Maximilians-Universit&auml;t, M&uuml;nchen: Internship as a doctor<\/dd>\n<dt>1998-2001<\/dt>\n<dd>Dermatological Clinic and Polyclinic of the Universit&auml;t Regensburg: Scientific Assistant<br>\nBoard certificate Skin and Genital Diseases<\/dd>\n<dt>2001-2002<\/dt>\n<dd>Dermatological practice Dr. Matthias Sandhofer, Linz\/Austria<\/dd>\n<dt>2003-2004<\/dt>\n<dd>Practice for vascular medicine Professor Dr. M. Marshall \/ Dr. F. X. Breu, Rottach-Egern<\/dd>\n<dt>2005-dato<\/dt>\n<dd>Clinicum St. Georg GmbH &amp; Co. KG, Bad Aibling: Medical Specialist<\/dd>\n<\/dl>\n<h6>Further Qualifications<\/h6>\n<ul>\n<li>Allergology<\/li>\n<li>Natural medicine<\/li>\n<li>Phlebology<\/li>\n<li>Acupuncture<\/li>\n<li>Specific advanced training in the field of aesthetics<\/li>\n<li>Laser protection officer<\/li>\n<\/ul>\n","protected":false},"excerpt":{"rendered":"<p>Kathrin Douwes, MD Medical Specialist Curriculum Vitae Education and professional activities 1989-1996 Medical School (Ludwig-Maximilians-Universit\u00e4t M\u00fcnchen) Promotion (M.D.) 1992-1995 Medizinische Klinik Innenstadt of Ludwig-Maximilians-Universit\u00e4t M\u00fcnchen, Faculty of clinical-experimental research: Dissertation on the topic &#8220;Schnelle, nichtgenomische Effekte von Aldosteron auf den Na+\/H+-Austauscher von glatten Muskelzellen&#8221; 1996-1998 Dermatological Clinic and Polyclinic of &hellip;<\/p>\n","protected":false},"author":3,"featured_media":0,"parent":14569,"menu_order":6,"comment_status":"closed","ping_status":"closed","template":"","meta":{"footnotes":""},"yst_prominent_words":[346,5886,5882,5879,5885,5881,5878,5876,5884,5880,5877,5875,1023,5557,5861,139,1441,5887,5883,417],"_links":{"self":[{"href":"https:\/\/www.klinik-st-georg.de\/en\/wp-json\/wp\/v2\/pages\/18299"}],"collection":[{"href":"https:\/\/www.klinik-st-georg.de\/en\/wp-json\/wp\/v2\/pages"}],"about":[{"href":"https:\/\/www.klinik-st-georg.de\/en\/wp-json\/wp\/v2\/types\/page"}],"author":[{"embeddable":true,"href":"https:\/\/www.klinik-st-georg.de\/en\/wp-json\/wp\/v2\/users\/3"}],"replies":[{"embeddable":true,"href":"https:\/\/www.klinik-st-georg.de\/en\/wp-json\/wp\/v2\/comments?post=18299"}],"version-history":[{"count":0,"href":"https:\/\/www.klinik-st-georg.de\/en\/wp-json\/wp\/v2\/pages\/18299\/revisions"}],"up":[{"embeddable":true,"href":"https:\/\/www.klinik-st-georg.de\/en\/wp-json\/wp\/v2\/pages\/14569"}],"wp:attachment":[{"href":"https:\/\/www.klinik-st-georg.de\/en\/wp-json\/wp\/v2\/media?parent=18299"}],"wp:term":[{"taxonomy":"yst_prominent_words","embeddable":true,"href":"https:\/\/www.klinik-st-georg.de\/en\/wp-json\/wp\/v2\/yst_prominent_words?post=18299"}],"curies":[{"name":"wp","href":"https:\/\/api.w.org\/{rel}","templated":true}]}}