{"id":18331,"date":"2018-09-04T10:09:04","date_gmt":"2018-09-04T08:09:04","guid":{"rendered":"http:\/\/www.klinik-st-Georg.de\/?page_id=18331"},"modified":"2023-11-16T14:05:52","modified_gmt":"2023-11-16T13:05:52","slug":"dr-med-daniela-hudi","status":"publish","type":"page","link":"https:\/\/www.klinik-st-georg.de\/en\/our-team\/dr-med-daniela-hudi\/","title":{"rendered":"Dr. med. Daniela Hudi"},"content":{"rendered":"<h2>Daniela Hudi, MD<\/h2>\n<p>Medical Staff<\/p>\n<figure id=\"attachment_27565\" aria-describedby=\"caption-attachment-27565\" style=\"width: 300px\" class=\"wp-caption alignright\"><img decoding=\"async\" class=\"wp-image-27565 size-full\" src=\"https:\/\/www.klinik-st-georg.de\/wp-content\/uploads\/2021\/02\/Dr-med-Daniel-Hudi_2021.jpg\" alt=\"Dr. med. Daniela Hudi\" width=\"300\" height=\"450\" srcset=\"https:\/\/www.klinik-st-georg.de\/wp-content\/uploads\/2021\/02\/Dr-med-Daniel-Hudi_2021.jpg 300w, https:\/\/www.klinik-st-georg.de\/wp-content\/uploads\/2021\/02\/Dr-med-Daniel-Hudi_2021-133x200.jpg 133w, https:\/\/www.klinik-st-georg.de\/wp-content\/uploads\/2021\/02\/Dr-med-Daniel-Hudi_2021-233x350.jpg 233w\" sizes=\"(max-width: 300px) 100vw, 300px\"><figcaption id=\"caption-attachment-27565\" class=\"wp-caption-text\">Dr. med. Daniela Hudi<\/figcaption><\/figure>\n<h4 style=\"display: inline;\">Curriculum Vitae<\/h4>\n<h6 style=\"clear: left;\">Education and professional activities<\/h6>\n<dl>\n<dt>1997-2000<\/dt>\n<dd>Rheinische Akademie K&ouml;ln: Training as a&nbsp;pharmaceutical-technical assistant<\/dd>\n<dt>2000-2008<\/dt>\n<dd>Medical School (Universit&auml;t K&ouml;ln)<br>\nPromotion (M.D.)<\/dd>\n<dt>2007-2008<\/dt>\n<dd>St&auml;dtisches Klinikum Solingen: Residency paediatrics, internal medicine and surgery<\/dd>\n<dt>1999-2015<\/dt>\n<dd>Various assignments abroad, inter alia:<br>\n1999 Honduras, Central America: Participation in the voluntary medical catastrophe team<br>\n2005 Bloomington Hospital, Indiana, USA: Urgent Care and Internal Medicine<br>\n2008 Tamaulipas, north Mexico: Development aid with the voluntary medical team<br>\n2014, 2015 Xai Xai, Mosambik: Direction of a development project for the construction of a orphanage with medical assistance<\/dd>\n<dt>2008-2015<\/dt>\n<dd>Medical Center Cologne, Dr. R. Gorter: Physician with complementary-oncological, internal, neurological and radiological focus<\/dd>\n<dt>2015-dato<\/dt>\n<dd>Clinicum St. Georg GmbH &amp; Co. KG, Bad Aibling: Medical Staff<\/dd>\n<\/dl>\n","protected":false},"excerpt":{"rendered":"<p>Daniela Hudi, MD Medical Staff Curriculum Vitae Education and professional activities 1997-2000 Rheinische Akademie K\u00f6ln: Training as a\u00a0pharmaceutical-technical assistant 2000-2008 Medical School (Universit\u00e4t K\u00f6ln) Promotion (M.D.) 2007-2008 St\u00e4dtisches Klinikum Solingen: Residency paediatrics, internal medicine and surgery 1999-2015 Various assignments abroad, inter alia: 1999 Honduras, Central America: Participation in the voluntary &hellip;<\/p>\n","protected":false},"author":3,"featured_media":0,"parent":14569,"menu_order":7,"comment_status":"closed","ping_status":"closed","template":"","meta":{"footnotes":""},"yst_prominent_words":[346,1041,1040,5953,1042,5491,1786,5519,1971,5653,1428,3028,5950,417,5952,5951,5949,5948,1434,5522],"_links":{"self":[{"href":"https:\/\/www.klinik-st-georg.de\/en\/wp-json\/wp\/v2\/pages\/18331"}],"collection":[{"href":"https:\/\/www.klinik-st-georg.de\/en\/wp-json\/wp\/v2\/pages"}],"about":[{"href":"https:\/\/www.klinik-st-georg.de\/en\/wp-json\/wp\/v2\/types\/page"}],"author":[{"embeddable":true,"href":"https:\/\/www.klinik-st-georg.de\/en\/wp-json\/wp\/v2\/users\/3"}],"replies":[{"embeddable":true,"href":"https:\/\/www.klinik-st-georg.de\/en\/wp-json\/wp\/v2\/comments?post=18331"}],"version-history":[{"count":0,"href":"https:\/\/www.klinik-st-georg.de\/en\/wp-json\/wp\/v2\/pages\/18331\/revisions"}],"up":[{"embeddable":true,"href":"https:\/\/www.klinik-st-georg.de\/en\/wp-json\/wp\/v2\/pages\/14569"}],"wp:attachment":[{"href":"https:\/\/www.klinik-st-georg.de\/en\/wp-json\/wp\/v2\/media?parent=18331"}],"wp:term":[{"taxonomy":"yst_prominent_words","embeddable":true,"href":"https:\/\/www.klinik-st-georg.de\/en\/wp-json\/wp\/v2\/yst_prominent_words?post=18331"}],"curies":[{"name":"wp","href":"https:\/\/api.w.org\/{rel}","templated":true}]}}