{"id":18336,"date":"2018-09-04T10:17:50","date_gmt":"2018-09-04T08:17:50","guid":{"rendered":"http:\/\/www.klinik-st-Georg.de\/?page_id=18336"},"modified":"2023-11-16T14:06:30","modified_gmt":"2023-11-16T13:06:30","slug":"angelina-svircev","status":"publish","type":"page","link":"https:\/\/www.klinik-st-georg.de\/en\/our-team\/angelina-svircev\/","title":{"rendered":"Angelina Svircev"},"content":{"rendered":"<h2>Angelina Svircev<\/h2>\n<p>Medical Staff<\/p>\n<figure id=\"attachment_27547\" aria-describedby=\"caption-attachment-27547\" style=\"width: 300px\" class=\"wp-caption alignright\"><img decoding=\"async\" class=\"wp-image-27547 size-full\" src=\"https:\/\/www.klinik-st-georg.de\/wp-content\/uploads\/2021\/02\/Angelina-Svircev_2021.jpg\" alt=\"Angelina Svircev\" width=\"300\" height=\"450\" srcset=\"https:\/\/www.klinik-st-georg.de\/wp-content\/uploads\/2021\/02\/Angelina-Svircev_2021.jpg 300w, https:\/\/www.klinik-st-georg.de\/wp-content\/uploads\/2021\/02\/Angelina-Svircev_2021-133x200.jpg 133w, https:\/\/www.klinik-st-georg.de\/wp-content\/uploads\/2021\/02\/Angelina-Svircev_2021-233x350.jpg 233w\" sizes=\"(max-width: 300px) 100vw, 300px\"><figcaption id=\"caption-attachment-27547\" class=\"wp-caption-text\">Angelina Svircev<\/figcaption><\/figure>\n<h4 style=\"display: inline;\">Curriculum Vitae<\/h4>\n<h6 style=\"clear: left;\">Education and professional activities<\/h6>\n<dl>\n<dt>1991-1994<\/dt>\n<dd>Medical School (Ludwig-Maximilians-Universit&auml;t M&uuml;nchen)<\/dd>\n<dt>1994-1999<\/dt>\n<dd>Medical School (Technische Universit&auml;t M&uuml;nchen)<br>\nThesis on the topic &ldquo;Einfluss von intraoperativer Bestrahlung bei Coloncarcinom&rdquo; (Department of Radiology, Klinikum Rechts der Isar, M&uuml;nchen)<\/dd>\n<dt>1998-1999<\/dt>\n<dd>St&auml;dtisches Krankenhaus Bogenhausen, M&uuml;nchen: Residency surgery and internal medicine<br>\nKlinikum Rechts der Isar, M&uuml;nchen: Residency gynecology<\/dd>\n<dt>1999-2010<\/dt>\n<dd>Klinik Medical Park, Prien am Chiemsee: Further medical training internal medicine, physical medicine, orthopedics<\/dd>\n<dt>2010-dato<\/dt>\n<dd>Clinicum St. Georg GmbH &amp; Co. KG, Bad Aibling: Medical Staff<\/dd>\n<\/dl>\n<h6>Further Qualifications<\/h6>\n<ul>\n<li>Natural medicine<\/li>\n<li>Manual medicine<\/li>\n<li>Acupuncture<\/li>\n<\/ul>\n","protected":false},"excerpt":{"rendered":"<p>Angelina Svircev Medical Staff Curriculum Vitae Education and professional activities 1991-1994 Medical School (Ludwig-Maximilians-Universit\u00e4t M\u00fcnchen) 1994-1999 Medical School (Technische Universit\u00e4t M\u00fcnchen) Thesis on the topic &#8220;Einfluss von intraoperativer Bestrahlung bei Coloncarcinom&#8221; (Department of Radiology, Klinikum Rechts der Isar, M\u00fcnchen) 1998-1999 St\u00e4dtisches Krankenhaus Bogenhausen, M\u00fcnchen: Residency surgery and internal medicine Klinikum &hellip;<\/p>\n","protected":false},"author":3,"featured_media":0,"parent":14569,"menu_order":9,"comment_status":"closed","ping_status":"closed","template":"","meta":{"footnotes":""},"yst_prominent_words":[346,1035,1034,5491,1786,1438,5563,5562,5567,5566,1971,5954,5653,1428,5443,5956,5490,5955,3028,1036],"_links":{"self":[{"href":"https:\/\/www.klinik-st-georg.de\/en\/wp-json\/wp\/v2\/pages\/18336"}],"collection":[{"href":"https:\/\/www.klinik-st-georg.de\/en\/wp-json\/wp\/v2\/pages"}],"about":[{"href":"https:\/\/www.klinik-st-georg.de\/en\/wp-json\/wp\/v2\/types\/page"}],"author":[{"embeddable":true,"href":"https:\/\/www.klinik-st-georg.de\/en\/wp-json\/wp\/v2\/users\/3"}],"replies":[{"embeddable":true,"href":"https:\/\/www.klinik-st-georg.de\/en\/wp-json\/wp\/v2\/comments?post=18336"}],"version-history":[{"count":0,"href":"https:\/\/www.klinik-st-georg.de\/en\/wp-json\/wp\/v2\/pages\/18336\/revisions"}],"up":[{"embeddable":true,"href":"https:\/\/www.klinik-st-georg.de\/en\/wp-json\/wp\/v2\/pages\/14569"}],"wp:attachment":[{"href":"https:\/\/www.klinik-st-georg.de\/en\/wp-json\/wp\/v2\/media?parent=18336"}],"wp:term":[{"taxonomy":"yst_prominent_words","embeddable":true,"href":"https:\/\/www.klinik-st-georg.de\/en\/wp-json\/wp\/v2\/yst_prominent_words?post=18336"}],"curies":[{"name":"wp","href":"https:\/\/api.w.org\/{rel}","templated":true}]}}