{"id":25026,"date":"2020-07-01T16:47:22","date_gmt":"2020-07-01T14:47:22","guid":{"rendered":"https:\/\/www.klinik-st-georg.de\/?page_id=25026"},"modified":"2023-12-05T17:20:27","modified_gmt":"2023-12-05T16:20:27","slug":"martin-roessner","status":"publish","type":"page","link":"https:\/\/www.klinik-st-georg.de\/en\/our-team\/martin-roessner\/","title":{"rendered":"Martin R\u00f6\u00dfner"},"content":{"rendered":"<h2>Martin R&ouml;&szlig;ner<\/h2>\n<p>Senior Physician<\/p>\n<figure id=\"attachment_41987\" aria-describedby=\"caption-attachment-41987\" style=\"width: 300px\" class=\"wp-caption alignright\"><img decoding=\"async\" class=\"wp-image-41987 size-full\" src=\"https:\/\/www.klinik-st-georg.de\/wp-content\/uploads\/2023\/12\/Martin-Roessne-2023b.jpg\" alt=\"Martin R&ouml;&szlig;ner\" width=\"300\" height=\"450\" srcset=\"https:\/\/www.klinik-st-georg.de\/wp-content\/uploads\/2023\/12\/Martin-Roessne-2023b.jpg 300w, https:\/\/www.klinik-st-georg.de\/wp-content\/uploads\/2023\/12\/Martin-Roessne-2023b-133x200.jpg 133w, https:\/\/www.klinik-st-georg.de\/wp-content\/uploads\/2023\/12\/Martin-Roessne-2023b-233x350.jpg 233w\" sizes=\"(max-width: 300px) 100vw, 300px\"><figcaption id=\"caption-attachment-41987\" class=\"wp-caption-text\">Martin R&ouml;&szlig;ner<\/figcaption><\/figure>\n<h4 style=\"display: inline;\">Curriculum Vitae<\/h4>\n<h6 style=\"clear: left;\">Education and professional activities<\/h6>\n<dl>\n<dt>2003 &ndash; 2011<\/dt>\n<dd>Medical School (Ludwig-Maximilians-Universit&auml;t M&uuml;nchen)<\/dd>\n<dt>2003<\/dt>\n<dd>Start of training in Chinese Medicine with D&auml;gfa, SMS and AGTCM, with stays abroad in China and Taiwan<\/dd>\n<dt>2008<\/dt>\n<dd>Semester abroad in Buenos Aires with focus on surgery<\/dd>\n<dt>2010<\/dt>\n<dd>Practical year at the Universities of Munich and Hong Kong, and Klinikum Ingolstadt<\/dd>\n<dt>2011<\/dt>\n<dd>Residency und licensure<\/dd>\n<dt>2012<\/dt>\n<dd>Klinik am Steigerwald, Gerolzhofen: Junior Physician for Traditional Chinese Medicine and biological therapy<\/dd>\n<dt>2014-2020<\/dt>\n<dd>RoMed Klinikum Wasserburg am Inn: Specialist training Internal Medicine<br>\nBoard certificate Internal Medicine<\/dd>\n<dt>2017-2020<\/dt>\n<dd>Kreiskrankenhaus RoMed Klinik Wasserburg am Inn, Ambulanz f&uuml;r Traditionelle Chinesische Medizin und Naturheilkunde: Implementation of Chinese Medicine as an inpatient complementary therapy<\/dd>\n<dt>since 2017<\/dt>\n<dd>Kompetenzzentrum f&uuml;r Komplement&auml;rmedizin und Naturheilkunde der TU M&uuml;nchen: Research and promotion (M.D.) with a thesis on toxicity and safety of drug therapy in Chinese Medicine<\/dd>\n<dt>2020-dato<\/dt>\n<dd>Clinicum St. Georg GmbH &amp; Co. KG, Bad Aibling: Senior Physician<\/dd>\n<\/dl>\n","protected":false},"excerpt":{"rendered":"<p>Martin R\u00f6\u00dfner Senior Physician Curriculum Vitae Education and professional activities 2003 \u2013 2011 Medical School (Ludwig-Maximilians-Universit\u00e4t M\u00fcnchen) 2003 Start of training in Chinese Medicine with D\u00e4gfa, SMS and AGTCM, with stays abroad in China and Taiwan 2008 Semester abroad in Buenos Aires with focus on surgery 2010 Practical year at &hellip;<\/p>\n","protected":false},"author":3,"featured_media":0,"parent":14569,"menu_order":4,"comment_status":"closed","ping_status":"closed","template":"","meta":{"footnotes":""},"yst_prominent_words":[6986,6989,7012,346,7014,7013,1786,7004,7003,1428,5443,139,5854,7005,5769,5499,1463,1721,7076,1434],"_links":{"self":[{"href":"https:\/\/www.klinik-st-georg.de\/en\/wp-json\/wp\/v2\/pages\/25026"}],"collection":[{"href":"https:\/\/www.klinik-st-georg.de\/en\/wp-json\/wp\/v2\/pages"}],"about":[{"href":"https:\/\/www.klinik-st-georg.de\/en\/wp-json\/wp\/v2\/types\/page"}],"author":[{"embeddable":true,"href":"https:\/\/www.klinik-st-georg.de\/en\/wp-json\/wp\/v2\/users\/3"}],"replies":[{"embeddable":true,"href":"https:\/\/www.klinik-st-georg.de\/en\/wp-json\/wp\/v2\/comments?post=25026"}],"version-history":[{"count":0,"href":"https:\/\/www.klinik-st-georg.de\/en\/wp-json\/wp\/v2\/pages\/25026\/revisions"}],"up":[{"embeddable":true,"href":"https:\/\/www.klinik-st-georg.de\/en\/wp-json\/wp\/v2\/pages\/14569"}],"wp:attachment":[{"href":"https:\/\/www.klinik-st-georg.de\/en\/wp-json\/wp\/v2\/media?parent=25026"}],"wp:term":[{"taxonomy":"yst_prominent_words","embeddable":true,"href":"https:\/\/www.klinik-st-georg.de\/en\/wp-json\/wp\/v2\/yst_prominent_words?post=25026"}],"curies":[{"name":"wp","href":"https:\/\/api.w.org\/{rel}","templated":true}]}}