{"id":30762,"date":"2021-08-16T17:04:33","date_gmt":"2021-08-16T15:04:33","guid":{"rendered":"https:\/\/www.klinik-st-georg.de\/?page_id=30762"},"modified":"2022-07-07T16:05:59","modified_gmt":"2022-07-07T14:05:59","slug":"dr-med-martin-held","status":"publish","type":"page","link":"https:\/\/www.klinik-st-georg.de\/en\/our-team\/dr-med-martin-held\/","title":{"rendered":"Dr. med. Martin Held"},"content":{"rendered":"<h2>Dr. med. Martin Held<\/h2>\n<p>Medical Staff<\/p>\n<figure id=\"attachment_35889\" aria-describedby=\"caption-attachment-35889\" style=\"width: 300px\" class=\"wp-caption alignright\"><img decoding=\"async\" class=\"wp-image-35890 size-full\" src=\"https:\/\/www.klinik-st-georg.de\/wp-content\/uploads\/2022\/07\/Dr-med-Martin-Held_2022.jpg\" alt=\"Dr. med. Martin Held\" width=\"300\" height=\"450\" srcset=\"https:\/\/www.klinik-st-georg.de\/wp-content\/uploads\/2022\/07\/Dr-med-Martin-Held_2022.jpg 300w, https:\/\/www.klinik-st-georg.de\/wp-content\/uploads\/2022\/07\/Dr-med-Martin-Held_2022-133x200.jpg 133w, https:\/\/www.klinik-st-georg.de\/wp-content\/uploads\/2022\/07\/Dr-med-Martin-Held_2022-233x350.jpg 233w\" sizes=\"(max-width: 300px) 100vw, 300px\"><figcaption id=\"caption-attachment-35889\" class=\"wp-caption-text\">Dr. med. Martin Held<\/figcaption><\/figure>\n<h4 style=\"display: inline;\">Curriculum Vitae<\/h4>\n<h6 style=\"clear: left;\">Education and professional activities<\/h6>\n<dl>\n<dt>1980-1986<\/dt>\n<dd>Medical School (Albert-Ludwigs-Universit&auml;t Freiburg)<\/dd>\n<dt>1986-1987<\/dt>\n<dd>Bundeswehrkrankenhaus Ulm: Residency<br>\nState examination and promotion (M.D.)<\/dd>\n<dt>1987-1989<\/dt>\n<dd>St&auml;dt. Klinikum M&uuml;nchen Schwabing, Prof. Mehnert: Junior Physician Diabetology and Angiology<\/dd>\n<dt>1989<\/dt>\n<dd>St&auml;dt. Klinikum M&uuml;nchen Bogenhausen, Prof. Kaess: Junior Physician Gastroenterology<\/dd>\n<dt>1989-1994<\/dt>\n<dd>St&auml;dt. Klinikum M&uuml;nchen Neuperlach, Prof Ottenjann: Junior Physician Gastroenterology; Board certificate Internal Medicine and Gastroenterology<\/dd>\n<dt>1994-1999<\/dt>\n<dd>St&auml;dt. Klinikum M&uuml;nchen Neuperlach, Prof. Schmitt: Senior Physician<\/dd>\n<dt>1999-2020<\/dt>\n<dd>Munich: Gastroenterology practice<\/dd>\n<dt>2020-dato<\/dt>\n<dd>Clinicum St. Georg GmbH &amp; Co.KG, Bad Aibling: Medical Staff<\/dd>\n<\/dl>\n","protected":false},"excerpt":{"rendered":"<p>Dr. med. Martin Held Medical Staff Curriculum Vitae Education and professional activities 1980-1986 Medical School (Albert-Ludwigs-Universit\u00e4t Freiburg) 1986-1987 Bundeswehrkrankenhaus Ulm: Residency State examination and promotion (M.D.) 1987-1989 St\u00e4dt. Klinikum M\u00fcnchen Schwabing, Prof. Mehnert: Junior Physician Diabetology and Angiology 1989 St\u00e4dt. Klinikum M\u00fcnchen Bogenhausen, Prof. Kaess: Junior Physician Gastroenterology 1989-1994 St\u00e4dt. &hellip;<\/p>\n","protected":false},"author":3,"featured_media":0,"parent":14569,"menu_order":0,"comment_status":"closed","ping_status":"closed","template":"","meta":{"footnotes":""},"yst_prominent_words":[346,446,5860,5816,5562,1971,5653,5443,5854],"_links":{"self":[{"href":"https:\/\/www.klinik-st-georg.de\/en\/wp-json\/wp\/v2\/pages\/30762"}],"collection":[{"href":"https:\/\/www.klinik-st-georg.de\/en\/wp-json\/wp\/v2\/pages"}],"about":[{"href":"https:\/\/www.klinik-st-georg.de\/en\/wp-json\/wp\/v2\/types\/page"}],"author":[{"embeddable":true,"href":"https:\/\/www.klinik-st-georg.de\/en\/wp-json\/wp\/v2\/users\/3"}],"replies":[{"embeddable":true,"href":"https:\/\/www.klinik-st-georg.de\/en\/wp-json\/wp\/v2\/comments?post=30762"}],"version-history":[{"count":0,"href":"https:\/\/www.klinik-st-georg.de\/en\/wp-json\/wp\/v2\/pages\/30762\/revisions"}],"up":[{"embeddable":true,"href":"https:\/\/www.klinik-st-georg.de\/en\/wp-json\/wp\/v2\/pages\/14569"}],"wp:attachment":[{"href":"https:\/\/www.klinik-st-georg.de\/en\/wp-json\/wp\/v2\/media?parent=30762"}],"wp:term":[{"taxonomy":"yst_prominent_words","embeddable":true,"href":"https:\/\/www.klinik-st-georg.de\/en\/wp-json\/wp\/v2\/yst_prominent_words?post=30762"}],"curies":[{"name":"wp","href":"https:\/\/api.w.org\/{rel}","templated":true}]}}