{"id":41950,"date":"2023-12-04T12:28:46","date_gmt":"2023-12-04T11:28:46","guid":{"rendered":"https:\/\/www.klinik-st-georg.de\/?page_id=41950"},"modified":"2023-12-04T13:26:36","modified_gmt":"2023-12-04T12:26:36","slug":"dr-med-frederik-goette","status":"publish","type":"page","link":"https:\/\/www.klinik-st-georg.de\/en\/our-team\/dr-med-frederik-goette\/","title":{"rendered":"Dr. med. Frederik G\u00f6tte"},"content":{"rendered":"<h2>Dr. med. Frederik G&ouml;tte<\/h2>\n<p>Chefarzt<\/p>\n<figure id=\"attachment_41905\" aria-describedby=\"caption-attachment-41905\" style=\"width: 300px\" class=\"wp-caption alignright\"><img decoding=\"async\" class=\"wp-image-41905 size-full\" src=\"https:\/\/www.klinik-st-georg.de\/wp-content\/uploads\/2023\/12\/Dr-med-Frederik-Goette-2023.jpg\" alt=\"Dr. med. Frederik G&ouml;tte\" width=\"300\" height=\"450\" srcset=\"https:\/\/www.klinik-st-georg.de\/wp-content\/uploads\/2023\/12\/Dr-med-Frederik-Goette-2023.jpg 300w, https:\/\/www.klinik-st-georg.de\/wp-content\/uploads\/2023\/12\/Dr-med-Frederik-Goette-2023-133x200.jpg 133w, https:\/\/www.klinik-st-georg.de\/wp-content\/uploads\/2023\/12\/Dr-med-Frederik-Goette-2023-233x350.jpg 233w\" sizes=\"(max-width: 300px) 100vw, 300px\"><figcaption id=\"caption-attachment-41905\" class=\"wp-caption-text\">Dr. med. Frederik G&ouml;tte<\/figcaption><\/figure>\n<h4 style=\"display: inline;\">Curriculum Vitae<\/h4>\n<h6 style=\"clear: left;\">Education and professional activities<\/h6>\n<dl>\n<dt>2008- 2012<\/dt>\n<dd>Medical School (Technischen Universit&auml;t M&uuml;nchen and Ludwig-Maximilians-Universit&auml;t M&uuml;nchen)<\/dd>\n<dt>2012<\/dt>\n<dd>Admission to medical practice<\/dd>\n<dt>2013-2020<\/dt>\n<dd>Klinikum rechts der Isar M&uuml;nchen, III. Medizinischen Klinik: Junior Physician and Residency Prof. Dr. C. Peschel and Prof. Dr. F. Bassermann<br>\nBoard certificate Internal Medicine and Haemato-Oncology (2020)<\/dd>\n<dt>2020-2023<\/dt>\n<dd>Krankenhaus Agatharied, Hausham: Senior Ward Physician Section Internal Medicine, Gastroenterology, Diabetology and Haemato-Oncology; Leader of the Section Haemato-Oncology<\/dd>\n<dt>2023<\/dt>\n<dd>Krankenhaus Agatharied, Hausham: Provisional Leader of the Section Internal Medicine, Gastroenterology, Diabetology and Haemato-Oncology<\/dd>\n<dt>2023-dato<\/dt>\n<dd>Clinicum St. Georg GmbH &amp; Co. KG, Bad Aibling: Senior Consultant<\/dd>\n<\/dl>\n","protected":false},"excerpt":{"rendered":"<p>Dr. med. Frederik G\u00f6tte Chefarzt Curriculum Vitae Education and professional activities 2008- 2012 Medical School (Technischen Universit\u00e4t M\u00fcnchen and Ludwig-Maximilians-Universit\u00e4t M\u00fcnchen) 2012 Admission to medical practice 2013-2020 Klinikum rechts der Isar M\u00fcnchen, III. Medizinischen Klinik: Junior Physician and Residency Prof. Dr. C. Peschel and Prof. Dr. F. Bassermann Board certificate &hellip;<\/p>\n","protected":false},"author":3,"featured_media":0,"parent":14569,"menu_order":0,"comment_status":"closed","ping_status":"closed","template":"","meta":{"footnotes":""},"yst_prominent_words":[1786],"_links":{"self":[{"href":"https:\/\/www.klinik-st-georg.de\/en\/wp-json\/wp\/v2\/pages\/41950"}],"collection":[{"href":"https:\/\/www.klinik-st-georg.de\/en\/wp-json\/wp\/v2\/pages"}],"about":[{"href":"https:\/\/www.klinik-st-georg.de\/en\/wp-json\/wp\/v2\/types\/page"}],"author":[{"embeddable":true,"href":"https:\/\/www.klinik-st-georg.de\/en\/wp-json\/wp\/v2\/users\/3"}],"replies":[{"embeddable":true,"href":"https:\/\/www.klinik-st-georg.de\/en\/wp-json\/wp\/v2\/comments?post=41950"}],"version-history":[{"count":0,"href":"https:\/\/www.klinik-st-georg.de\/en\/wp-json\/wp\/v2\/pages\/41950\/revisions"}],"up":[{"embeddable":true,"href":"https:\/\/www.klinik-st-georg.de\/en\/wp-json\/wp\/v2\/pages\/14569"}],"wp:attachment":[{"href":"https:\/\/www.klinik-st-georg.de\/en\/wp-json\/wp\/v2\/media?parent=41950"}],"wp:term":[{"taxonomy":"yst_prominent_words","embeddable":true,"href":"https:\/\/www.klinik-st-georg.de\/en\/wp-json\/wp\/v2\/yst_prominent_words?post=41950"}],"curies":[{"name":"wp","href":"https:\/\/api.w.org\/{rel}","templated":true}]}}