{"id":41961,"date":"2023-12-04T13:29:21","date_gmt":"2023-12-04T12:29:21","guid":{"rendered":"https:\/\/www.klinik-st-georg.de\/?page_id=41961"},"modified":"2023-12-04T14:20:10","modified_gmt":"2023-12-04T13:20:10","slug":"dr-sergio-presbitero-espinosa","status":"publish","type":"page","link":"https:\/\/www.klinik-st-georg.de\/en\/our-team\/dr-sergio-presbitero-espinosa\/","title":{"rendered":"Dr. Sergio Presbitero Espinosa"},"content":{"rendered":"<h2>Dr. Sergio Presbitero Espinosa<\/h2>\n<p>Medical Staff<\/p>\n<figure id=\"attachment_41903\" aria-describedby=\"caption-attachment-41903\" style=\"width: 300px\" class=\"wp-caption alignright\"><img decoding=\"async\" class=\"wp-image-41903 size-full\" src=\"https:\/\/www.klinik-st-georg.de\/wp-content\/uploads\/2023\/12\/Dr-Sergio-Presbitero-Espinosa-2023.jpg\" alt=\"Dr. Sergio Presbitero Esbinosa\" width=\"300\" height=\"450\" srcset=\"https:\/\/www.klinik-st-georg.de\/wp-content\/uploads\/2023\/12\/Dr-Sergio-Presbitero-Espinosa-2023.jpg 300w, https:\/\/www.klinik-st-georg.de\/wp-content\/uploads\/2023\/12\/Dr-Sergio-Presbitero-Espinosa-2023-133x200.jpg 133w, https:\/\/www.klinik-st-georg.de\/wp-content\/uploads\/2023\/12\/Dr-Sergio-Presbitero-Espinosa-2023-233x350.jpg 233w\" sizes=\"(max-width: 300px) 100vw, 300px\"><figcaption id=\"caption-attachment-41903\" class=\"wp-caption-text\">Dr. Sergio Presbitero Esbinosa<\/figcaption><\/figure>\n<h4 style=\"display: inline;\">Curriculum Vitae<\/h4>\n<h6 style=\"clear: left;\">Education and professional activities<\/h6>\n<dl>\n<dt>2002&ndash;2008<\/dt>\n<dd>Medical School (Universidad Panamericana, Facultad de Medicina, Mexico City)<\/dd>\n<dt>2007<\/dt>\n<dd>Houston Methodist Hospital, Houston, Texas, USA: Internship Department Internal Medicine<\/dd>\n<dt>2009-2013<\/dt>\n<dd>Universidad Aut&oacute;noma del Estado de M&eacute;xico and Instituto de Seguridad Social del Estado de M&eacute;xico y Municipios (ISSEMYM), all Mexico City: Junior Physician and Residency Internal Medicine<\/dd>\n<dt>2013 &ndash;2015<\/dt>\n<dd>Instituto de Seguridad Social del Estado de Mexico y Municipios (ISSEMYM), Mexico City: Second Senior Physician<\/dd>\n<dt>2015-2018<\/dt>\n<dd>Instituto de Seguridad y Servicios Sociales de los Trabajadores del Estado (ISSSTE), Mederi Medical and MAG Medical Group, all Mexico City: Specialist for Internal Medicine<\/dd>\n<dt>2018<\/dt>\n<dd>Admission to medical practice (Regierung von Oberbayern)<\/dd>\n<dt>2019-2021<\/dt>\n<dd>Bezirksklinikum Ansbach: Assistant Physician Psychiatry<\/dd>\n<dt>2021-2023<\/dt>\n<dd>RoMed Klinik Bad Aibling: Assistant Physician Internal Medicine<\/dd>\n<dt>2023<\/dt>\n<dd>Board Certificate Internal Medicine<\/dd>\n<dt>2023-dato<\/dt>\n<dd>Clinicum St. Georg GmbH &amp; Co. KG, Bad Aibling: Medical Staff<\/dd>\n<\/dl>\n","protected":false},"excerpt":{"rendered":"<p>Dr. Sergio Presbitero Espinosa Medical Staff Curriculum Vitae Education and professional activities 2002\u20132008 Medical School (Universidad Panamericana, Facultad de Medicina, Mexico City) 2007 Houston Methodist Hospital, Houston, Texas, USA: Internship Department Internal Medicine 2009-2013 Universidad Aut\u00f3noma del Estado de M\u00e9xico and Instituto de Seguridad Social del Estado de M\u00e9xico y &hellip;<\/p>\n","protected":false},"author":3,"featured_media":0,"parent":14569,"menu_order":0,"comment_status":"closed","ping_status":"closed","template":"","meta":{"footnotes":""},"yst_prominent_words":[1786],"_links":{"self":[{"href":"https:\/\/www.klinik-st-georg.de\/en\/wp-json\/wp\/v2\/pages\/41961"}],"collection":[{"href":"https:\/\/www.klinik-st-georg.de\/en\/wp-json\/wp\/v2\/pages"}],"about":[{"href":"https:\/\/www.klinik-st-georg.de\/en\/wp-json\/wp\/v2\/types\/page"}],"author":[{"embeddable":true,"href":"https:\/\/www.klinik-st-georg.de\/en\/wp-json\/wp\/v2\/users\/3"}],"replies":[{"embeddable":true,"href":"https:\/\/www.klinik-st-georg.de\/en\/wp-json\/wp\/v2\/comments?post=41961"}],"version-history":[{"count":0,"href":"https:\/\/www.klinik-st-georg.de\/en\/wp-json\/wp\/v2\/pages\/41961\/revisions"}],"up":[{"embeddable":true,"href":"https:\/\/www.klinik-st-georg.de\/en\/wp-json\/wp\/v2\/pages\/14569"}],"wp:attachment":[{"href":"https:\/\/www.klinik-st-georg.de\/en\/wp-json\/wp\/v2\/media?parent=41961"}],"wp:term":[{"taxonomy":"yst_prominent_words","embeddable":true,"href":"https:\/\/www.klinik-st-georg.de\/en\/wp-json\/wp\/v2\/yst_prominent_words?post=41961"}],"curies":[{"name":"wp","href":"https:\/\/api.w.org\/{rel}","templated":true}]}}