{"id":47031,"date":"2024-09-10T15:25:08","date_gmt":"2024-09-10T13:25:08","guid":{"rendered":"https:\/\/www.klinik-st-georg.de\/?page_id=47031"},"modified":"2024-09-10T15:34:50","modified_gmt":"2024-09-10T13:34:50","slug":"dr-med-beate-jaeger","status":"publish","type":"page","link":"https:\/\/www.klinik-st-georg.de\/en\/our-team\/dr-med-beate-jaeger\/","title":{"rendered":"Dr. med. Beate Jaeger"},"content":{"rendered":"<h2>Dr. med. Beate Jaeger<\/h2>\n<p>Senior Consultant<\/p>\n<figure id=\"attachment_45766\" aria-describedby=\"caption-attachment-45766\" style=\"width: 300px\" class=\"wp-caption alignright\"><img decoding=\"async\" class=\"wp-image-45766 size-full\" src=\"https:\/\/www.klinik-st-georg.de\/wp-content\/uploads\/2024\/05\/Dr-med-Beate-Jaeger.jpg\" alt=\"Dr. med. Beate Jaeger\" width=\"300\" height=\"450\" srcset=\"https:\/\/www.klinik-st-georg.de\/wp-content\/uploads\/2024\/05\/Dr-med-Beate-Jaeger.jpg 300w, https:\/\/www.klinik-st-georg.de\/wp-content\/uploads\/2024\/05\/Dr-med-Beate-Jaeger-133x200.jpg 133w, https:\/\/www.klinik-st-georg.de\/wp-content\/uploads\/2024\/05\/Dr-med-Beate-Jaeger-233x350.jpg 233w\" sizes=\"(max-width: 300px) 100vw, 300px\"><figcaption id=\"caption-attachment-45766\" class=\"wp-caption-text\">Dr. med. Beate Jaeger<\/figcaption><\/figure>\n<h4 style=\"display: inline;\">Curriculum Vitae<\/h4>\n<h6 style=\"clear: left;\">Education and professional activities<\/h6>\n<dl>\n<dt>1986-1993<\/dt>\n<dd>Medical School (Universit&auml;t Essen and Universit&auml;t Z&uuml;rich, Switzerland)<\/dd>\n<dt>1993-1995<\/dt>\n<dd>Universit&auml;t Essen, Abteilung f&uuml;r Innere Medizin: Internship with Prof. Dr. Th. Philipp; Promotion (M.D.) with a work in the field of Endocrinology<\/dd>\n<dt>1995-1997<\/dt>\n<dd>Ludwig-Maximilians-Universit&auml;t (LMU) M&uuml;nchen, Klinikum Gro&szlig;hadern, Institut f&uuml;r Klinische Chemie: Postdoctoral Grant<\/dd>\n<dt>1997-2001<\/dt>\n<dd>Ludwig-Maximilians-Universit&auml;t (LMU) M&uuml;nchen, Institut f&uuml;r Klinische Chemie und Max-von-Pettenkofer-Institut: Resident Physician<\/dd>\n<dt>2005-2008<\/dt>\n<dd>Universit&auml;tsklinikum Essen, Abteilung f&uuml;r Kardiologie: Research activity; Research grant for the treatment of high risk patients with transplant arteriosclerosis; Foundation of a Lipid outpatient clinic and LDL-apheresis outpatient unit; Foundation of a lipid competence center; Board Certificates in Laboratory Medicine and in Internal Medicine<\/dd>\n<dt>2023-dato<\/dt>\n<dd>Clinicum St. Georg GmbH &amp; Co. KG, Bad Aibling: Senior Consultant<\/dd>\n<\/dl>\n<h6>Research<\/h6>\n<p>Interplay of lipoprotein metabolism, haemostasis, rheology, and inflammation in the pathogenesis of atherosclerosis and atherothrombosis and their implications for development of new preventive and therapeutic strategies<\/p>\n<h6>Awards<\/h6>\n<dl>\n<dt>2009<\/dt>\n<dd>Scientific Award by the German Society of Nephrology<\/dd>\n<\/dl>\n<h6>Memberships<\/h6>\n<ul>\n<li>Deutsche Gesellschaft f&uuml;r Kardiologie e.V. (German Cardiac Society)<\/li>\n<li>European Society of Cardiology<\/li>\n<\/ul>\n","protected":false},"excerpt":{"rendered":"<p>Dr. med. Beate Jaeger Senior Consultant Curriculum Vitae Education and professional activities 1986-1993 Medical School (Universit\u00e4t Essen and Universit\u00e4t Z\u00fcrich, Switzerland) 1993-1995 Universit\u00e4t Essen, Abteilung f\u00fcr Innere Medizin: Internship with Prof. Dr. Th. Philipp; Promotion (M.D.) with a work in the field of Endocrinology 1995-1997 Ludwig-Maximilians-Universit\u00e4t (LMU) M\u00fcnchen, Klinikum Gro\u00dfhadern, &hellip;<\/p>\n","protected":false},"author":3,"featured_media":0,"parent":14569,"menu_order":0,"comment_status":"closed","ping_status":"closed","template":"","meta":{"footnotes":""},"yst_prominent_words":[346,446,139,5652,5764,417,5434,1434],"_links":{"self":[{"href":"https:\/\/www.klinik-st-georg.de\/en\/wp-json\/wp\/v2\/pages\/47031"}],"collection":[{"href":"https:\/\/www.klinik-st-georg.de\/en\/wp-json\/wp\/v2\/pages"}],"about":[{"href":"https:\/\/www.klinik-st-georg.de\/en\/wp-json\/wp\/v2\/types\/page"}],"author":[{"embeddable":true,"href":"https:\/\/www.klinik-st-georg.de\/en\/wp-json\/wp\/v2\/users\/3"}],"replies":[{"embeddable":true,"href":"https:\/\/www.klinik-st-georg.de\/en\/wp-json\/wp\/v2\/comments?post=47031"}],"version-history":[{"count":0,"href":"https:\/\/www.klinik-st-georg.de\/en\/wp-json\/wp\/v2\/pages\/47031\/revisions"}],"up":[{"embeddable":true,"href":"https:\/\/www.klinik-st-georg.de\/en\/wp-json\/wp\/v2\/pages\/14569"}],"wp:attachment":[{"href":"https:\/\/www.klinik-st-georg.de\/en\/wp-json\/wp\/v2\/media?parent=47031"}],"wp:term":[{"taxonomy":"yst_prominent_words","embeddable":true,"href":"https:\/\/www.klinik-st-georg.de\/en\/wp-json\/wp\/v2\/yst_prominent_words?post=47031"}],"curies":[{"name":"wp","href":"https:\/\/api.w.org\/{rel}","templated":true}]}}